{"id":15,"date":"2017-11-22T13:31:57","date_gmt":"2017-11-22T13:31:57","guid":{"rendered":"http:\/\/u44921.shellit.org\/?page_id=15"},"modified":"2025-08-15T10:47:19","modified_gmt":"2025-08-15T10:47:19","slug":"contact","status":"publish","type":"page","link":"http:\/\/kaumo.fi\/sv\/contact\/","title":{"rendered":"Kontakt"},"content":{"rendered":"[vc_row fullwidth=&#8221;true&#8221; css=&#8221;.vc_custom_1542803340646{background-image: url(http:\/\/kaumo.fi\/wp-content\/uploads\/2017\/11\/map1.png?id=112) !important;background-position: center !important;background-repeat: no-repeat !important;background-size: cover !important;}&#8221;][vc_column][mk_padding_divider size=&#8221;50&#8243;][vc_row_inner css=&#8221;.vc_custom_1511441577847{padding-right: 30px !important;padding-left: 30px !important;}&#8221;][vc_column_inner width=&#8221;2\/3&#8243; css=&#8221;.vc_custom_1517501394992{background-color: #ffffff !important;}&#8221;][mk_padding_divider size=&#8221;10&#8243;][mk_fancy_title font_family=&#8221;none&#8221;]\n<h2 style=\"text-align: center;\">Administration<\/h2>\n[\/mk_fancy_title][vc_column_text css=&#8221;.vc_custom_1600947166008{margin-bottom: 0px !important;}&#8221;]\n<p style=\"text-align: center;\">Administrationens e-postadresser har formen fornamn.efternamn@kaumo.fi<\/p>\n[\/vc_column_text][mk_padding_divider size=&#8221;30&#8243;][mk_employees count=&#8221;3&#8243; order=&#8221;ASC&#8221; orderby=&#8221;id&#8221; categories=&#8221;hallinto&#8221;][\/vc_column_inner][vc_column_inner width=&#8221;1\/3&#8243; css=&#8221;.vc_custom_1511444460864{background-color: #ffffff !important;}&#8221;][mk_padding_divider size=&#8221;10&#8243;][mk_fancy_title font_family=&#8221;none&#8221;]\n<h2 style=\"text-align: left;\">Kontaktuppgifter<\/h2>\n[\/mk_fancy_title][vc_column_text css=&#8221;.vc_custom_1600947632514{margin-bottom: 0px !important;}&#8221;]<strong>Grankulla Musikinstitut<\/strong><br \/>\nVallmogr\u00e4nden 3<br \/>\n00270 Grankulla[\/vc_column_text][vc_column_text css=&#8221;.vc_custom_1600947642084{margin-bottom: 0px !important;}&#8221;]<strong>Kansli<\/strong><br \/>\nM\u00e5 &#8211; fre kl. 10-16<br \/>\nTi kl. 10-12.15 &amp; 13.45 &#8211; 16.00<br \/>\ntfn +3589 5404 440<br \/>\nemail kanslia@kaumo.fi[\/vc_column_text][mk_padding_divider size=&#8221;187&#8243; visibility=&#8221;hidden-nb&#8221;][\/vc_column_inner][\/vc_row_inner][\/vc_column][\/vc_row][vc_row fullwidth=&#8221;true&#8221; css=&#8221;.vc_custom_1511432099637{padding-right: 30px !important;padding-left: 30px !important;}&#8221;][vc_column][mk_padding_divider size=&#8221;50&#8243;][mk_fancy_title font_family=&#8221;none&#8221;]\n<h2 style=\"text-align: center;\">L\u00e4rare<\/h2>\n[\/mk_fancy_title][vc_column_text css=&#8221;.vc_custom_1600947192660{margin-bottom: 0px !important;}&#8221;]\n<p style=\"text-align: center;\">L\u00e4rarnas e-postadresser har formen fornamn.efternamn@kaumo.fi<\/p>\n[\/vc_column_text][mk_padding_divider size=&#8221;30&#8243;][mk_employees column=&#8221;4&#8243; count=&#8221;50&#8243; order=&#8221;ASC&#8221; orderby=&#8221;title&#8221; categories=&#8221;opettaja&#8221;][\/vc_column][\/vc_row][vc_row][vc_column][mk_padding_divider size=&#8221;25&#8243;][mk_fancy_title font_family=&#8221;none&#8221;]\n<h2 style=\"text-align: center;\">Musikinstitutets f\u00f6rvaltning<\/h2>\n[\/mk_fancy_title][vc_column_text css=&#8221;.vc_custom_1600947272125{margin-bottom: 0px !important;}&#8221;]\n<p style=\"text-align: center;\">Grankulla Musikinstitut uppr\u00e4tth\u00e5lls av Kauniaisten musiikkiopiston kannatusyhdistys &#8211; Underst\u00f6dsf\u00f6reningen f\u00f6r Grankulla musikinstitut r.f., vars styrelse fungerar som institutets direktion. Det tv\u00e5spr\u00e5kiga musikinstitutets administrativa spr\u00e5k \u00e4r finska.<\/p>\n<p style=\"text-align: center;\">Till f\u00f6reningens egentlig medlem antas varje person, som befr\u00e4mjar f\u00f6reningens syften och som via en skriftlig anm\u00e4lan till styrelsen uttrycker sin vilja att bli medlem i f\u00f6reningen, och som f\u00f6reningens styrelse godk\u00e4nner som medlem =&gt; medlemsblankett.<br \/>\nUnderst\u00f6dsf\u00f6reningens medlemsavgift \u00e4r 30 \u20ac\/ person\/ \u00e5r, eller st\u00e4ndig medlemsavgift 120\u20ac.<\/p>\n[\/vc_column_text][mk_padding_divider size=&#8221;25&#8243;][mk_fancy_title font_family=&#8221;none&#8221;]\n<h2 style=\"text-align: center;\">\u00a0STYRELSEN 2025<\/h2>\n[\/mk_fancy_title][vc_column_text css=&#8221;.vc_custom_1755254426898{margin-bottom: 0px !important;}&#8221;]\n<p style=\"text-align: center;\">Underst\u00f6dsf\u00f6reningens styrelse fungerar som musikinstitutets direktion.<\/p>\n<p style=\"text-align: center;\">Petri L\u00f6nnblad, ordf\u00f6rande<br \/>\nNorma Holmberg, vice ordf\u00f6rande<\/p>\n<p style=\"text-align: center;\">Pernelle de Klauman, medlem<br \/>\nSonja Henriksen, medlem<br \/>\nJarkko Raitio, medlem<br \/>\nMatti Kauppila, representant f\u00f6r Grankulla stad<br \/>\nNina Colliander-Nyman, stadens st\u00e4llf\u00f6retr\u00e4dare<br \/>\nKari Heikkinen (Sonja Henriksens reserv)<br \/>\nKristiina Kopisto (Jarkko Raitios reserv)<br \/>\nAnne Waselius (Pernelle de Klaumans reserv)<br \/>\nUlla Hairo-Lax, l\u00e4rarrepresentant<br \/>\nEva Aitoaho, bitr\u00e4dande l\u00e4rarrepresentant<br \/>\nSatu Roberg, sekreterare och f\u00f6redragande<\/p>\n[\/vc_column_text][mk_padding_divider size=&#8221;25&#8243;][\/vc_column][\/vc_row][vc_row fullwidth=&#8221;true&#8221; css=&#8221;.vc_custom_1513086497029{padding-right: 30px !important;padding-left: 30px !important;background-color: #f97352 !important;background-position: center !important;background-repeat: no-repeat !important;background-size: cover !important;}&#8221;][vc_column][mk_padding_divider size=&#8221;50&#8243;][mk_fancy_title font_family=&#8221;none&#8221; el_class=&#8221;h1-white&#8221;]\n<h1 style=\"text-align: center;\">G\u00e5 med som medlem<\/h1>\n[\/mk_fancy_title][vc_column_text align=&#8221;center&#8221; el_class=&#8221;home-study-desc&#8221; css=&#8221;.vc_custom_1600947575523{margin-bottom: 0px !important;}&#8221;]\n<p style=\"text-align: center;\">Vill du bli medlem i supportf\u00f6reningen? Fyll i formul\u00e4ret nedan och engagera dig!<\/p>\n<p style=\"text-align: center;\">\u00c5rligt medlemskap: 30 \u20ac<br \/>\nPermanent medlemskap: 120 \u20ac<\/p>\n<p style=\"text-align: center;\">Betala medlemsavgiften till kontot<br \/>\n800014-474830<\/p>\n[\/vc_column_text][vc_btn title=&#8221;Liity j\u00e4seneksi&#8221; style=&#8221;flat&#8221; color=&#8221;white&#8221; align=&#8221;center&#8221; i_icon_fontawesome=&#8221;fa fa-handshake-o&#8221; add_icon=&#8221;true&#8221; css=&#8221;.vc_custom_1511444566036{padding-top: 20px !important;}&#8221;][mk_padding_divider size=&#8221;50&#8243;][\/vc_column][\/vc_row]\n","protected":false},"excerpt":{"rendered":"<p>[vc_row fullwidth=&#8221;true&#8221; css=&#8221;.vc_custom_1542803340646{background-image: url(http:\/\/kaumo.fi\/wp-content\/uploads\/2017\/11\/map1.png?id=112) !important;background-position: center !important;background-repeat: no-repeat !important;background-size: cover !important;}&#8221;][vc_column][mk_padding_divider size=&#8221;50&#8243;][vc_row_inner css=&#8221;.vc_custom_1511441577847{padding-right: 30px !important;padding-left: 30px !important;}&#8221;][vc_column_inner width=&#8221;2\/3&#8243; css=&#8221;.vc_custom_1517501394992{background-color: #ffffff !important;}&#8221;][mk_padding_divider size=&#8221;10&#8243;][mk_fancy_title font_family=&#8221;none&#8221;] Administration [\/mk_fancy_title][vc_column_text css=&#8221;.vc_custom_1600947166008{margin-bottom: 0px !important;}&#8221;] Administrationens e-postadresser [&hellip;]<\/p>\n","protected":false},"author":1,"featured_media":0,"parent":0,"menu_order":5,"comment_status":"closed","ping_status":"closed","template":"","meta":{"footnotes":""},"class_list":["post-15","page","type-page","status-publish","hentry"],"translation":{"provider":"WPGlobus","version":"3.0.0","language":"sv","enabled_languages":["fi","sv"],"languages":{"fi":{"title":true,"content":true,"excerpt":false},"sv":{"title":true,"content":true,"excerpt":false}}},"_links":{"self":[{"href":"http:\/\/kaumo.fi\/sv\/wp-json\/wp\/v2\/pages\/15","targetHints":{"allow":["GET"]}}],"collection":[{"href":"http:\/\/kaumo.fi\/sv\/wp-json\/wp\/v2\/pages"}],"about":[{"href":"http:\/\/kaumo.fi\/sv\/wp-json\/wp\/v2\/types\/page"}],"author":[{"embeddable":true,"href":"http:\/\/kaumo.fi\/sv\/wp-json\/wp\/v2\/users\/1"}],"replies":[{"embeddable":true,"href":"http:\/\/kaumo.fi\/sv\/wp-json\/wp\/v2\/comments?post=15"}],"version-history":[{"count":100,"href":"http:\/\/kaumo.fi\/sv\/wp-json\/wp\/v2\/pages\/15\/revisions"}],"predecessor-version":[{"id":8860,"href":"http:\/\/kaumo.fi\/sv\/wp-json\/wp\/v2\/pages\/15\/revisions\/8860"}],"wp:attachment":[{"href":"http:\/\/kaumo.fi\/sv\/wp-json\/wp\/v2\/media?parent=15"}],"curies":[{"name":"wp","href":"https:\/\/api.w.org\/{rel}","templated":true}]}}