{"id":397,"date":"2017-12-12T11:39:32","date_gmt":"2017-12-12T11:39:32","guid":{"rendered":"http:\/\/u44921.shellit.org\/?page_id=397"},"modified":"2025-11-12T13:49:20","modified_gmt":"2025-11-12T13:49:20","slug":"ilmoittautuminen","status":"publish","type":"page","link":"http:\/\/kaumo.fi\/sv\/info\/ilmoittautuminen\/","title":{"rendered":"Ilmoittautuminen"},"content":{"rendered":"[vc_row fullwidth=&#8221;true&#8221; css=&#8221;.vc_custom_1513189282482{padding-right: 20px !important;padding-left: 20px !important;background-color: #eb4339 !important;}&#8221;][vc_column][mk_padding_divider size=&#8221;35&#8243; visibility=&#8221;hidden-nb&#8221;][vc_single_image image=&#8221;576&#8243; img_size=&#8221;full&#8221; alignment=&#8221;center&#8221;][mk_padding_divider size=&#8221;0&#8243;][mk_fancy_title font_family=&#8221;none&#8221; el_class=&#8221;h1-white&#8221;]\n<h1 style=\"text-align: center;\">\u00a0ANM\u00c4L DIG TILL UNDERVISNINGEN!<\/h1>\n[\/mk_fancy_title][vc_column_text el_class=&#8221;info-desc-2&#8243; css=&#8221;.vc_custom_1741603995528{margin-bottom: 0px !important;}&#8221;]\n<p style=\"text-align: center;\"><span style=\"font-weight: 400;\">Anm\u00e4lan till instrument- och s\u00e5ngundervisningen sker under tiden 1.4 &#8211; 30.4.2025. Du kan g\u00f6ra anm\u00e4lan genom l\u00e4nken \u201cANM\u00c4L DIG TILL UNDERVISNINGEN\u201d nedan.<\/span><\/p>\n<p style=\"text-align: center;\"><span style=\"font-weight: 400;\">Eleverna antas till lediga platser i anm\u00e4lningsordning. F\u00f6retr\u00e4de ges s\u00f6kande som \u00e4r skrivna i Grankulla eller som g\u00e5r i skola i Grankulla. Vi meddelar alla s\u00f6kande per e-post f\u00f6re midsommar.\u00a0<\/span><\/p>\n<p style=\"text-align: center;\"><span style=\"font-weight: 400;\">I anm\u00e4lningsblanketten ska du fylla i minst tv\u00e5 instrumentalternativ, g\u00e4rna tre. Ju fler alternativ du ger, desto st\u00f6rre chans har du att f\u00e5 en studieplats. I fall det inte finns plats i ditt huvudsakliga instrumentval, kan du erbjudas plats i ett annat instrument,\u00a0 som du anm\u00e4lt intresse f\u00f6r. De mest popul\u00e4ra instrumenten \u00e4r piano, violin, elgitarr och slaginstrument &#8211; till dem finns det alltid fler s\u00f6kande \u00e4n lediga platser. Bra alternativ \u00e4r exempelvis sello, kontrabas, altviolin och bl\u00e5sinstrument.<\/span><\/p>\n<p style=\"text-align: left;\">Start\u00e5lder<\/p>\n<p style=\"text-align: left;\"><span style=\"font-weight: 400;\"><strong>&#8211; S\u00e5ng<\/strong>: \u00c5ldersgr\u00e4nsen f\u00f6r klassisk s\u00e5ng och pop-\/<\/span>jazz<span style=\"font-weight: 400;\">s\u00e5ng \u00e4r 13 \u00e5r. \u00c5ldersgr\u00e4nsen f\u00f6r musikteaterutbildning Tadam \u00e4r 15-22 \u00e5r. L\u00e4s mer om Tadam i linken nedan <em>Musikteaterskolan Nya Tadam<\/em>.<\/span><\/p>\n<p style=\"text-align: left;\"><span style=\"font-weight: 400;\"><strong>&#8211; Bl\u00e5sinstrument<\/strong>: En l\u00e4mplig start\u00e5lder f\u00f6r fl\u00f6jt, klarinett, trumpet, kornett samt tenor- och barytonhorn \u00e4r 7 \u00e5r. Saxofon kan man b\u00f6rja som 8-9-\u00e5ring. F\u00f6r oboe och valthorn \u00e4r en bra start\u00e5lder 9 \u00e5r. Trombonspelandet kan p\u00e5b\u00f6rjas redan f\u00f6re skol\u00e5ldern.<\/span><\/p>\n<p style=\"text-align: left;\"><span style=\"font-weight: 400;\">&#8211; <strong>\u00d6vriga\u00a0instrument<\/strong> g\u00e5r bra att spela redan f\u00f6re skol\u00e5ldern.<\/span><\/p>\n<p style=\"text-align: left;\"><span style=\"font-weight: 400;\">Om du blir erbjuden en plats, och du bekr\u00e4ftar att du tar emot den, f\u00f6rbinder du dig att betala bokningsavgiften 100 \u20ac. Summan dras av fr\u00e5n h\u00f6stterminens terminsavgift. I fall du avbokar din bekr\u00e4ftade plats, \u00e5terbetalas bokningsavgiften inte.<\/span><\/p>\n[\/vc_column_text][vc_btn title=&#8221;Anm\u00e4l dig till undervisningen&#8221; style=&#8221;flat&#8221; color=&#8221;primary&#8221; size=&#8221;lg&#8221; align=&#8221;center&#8221; i_icon_fontawesome=&#8221;fa fa-info-circle&#8221; add_icon=&#8221;true&#8221; link=&#8221;url:http%3A%2F%2Fkaumo.eepos.fi||target:%20_blank|&#8221;][vc_btn title=&#8221;Info till s\u00f6kande&#8221; style=&#8221;flat&#8221; color=&#8221;primary&#8221; size=&#8221;lg&#8221; align=&#8221;center&#8221; i_icon_fontawesome=&#8221;fa fa-info-circle&#8221; add_icon=&#8221;true&#8221; link=&#8221;url:https%3A%2F%2Fdrive.google.com%2Ffile%2Fd%2F1muncARjtJNigSEGmWHdM99v3PkRZ-04Q%2Fview%3Fusp%3Dsharing||target:%20_blank|&#8221;][vc_btn title=&#8221;Musikteaterskolan Nya TADAM&#8221; style=&#8221;flat&#8221; color=&#8221;primary&#8221; size=&#8221;lg&#8221; align=&#8221;center&#8221; i_icon_fontawesome=&#8221;fa fa-info-circle&#8221; add_icon=&#8221;true&#8221; link=&#8221;url:https%3A%2F%2Fdrive.google.com%2Ffile%2Fd%2F1uhMKuOEMC8o3IP2BRCyurhBDWReKaLYs%2Fview%3Fusp%3Dsharing||target:%20_blank|&#8221;][mk_padding_divider size=&#8221;50&#8243;][\/vc_column][\/vc_row]\n","protected":false},"excerpt":{"rendered":"<p>[vc_row fullwidth=&#8221;true&#8221; css=&#8221;.vc_custom_1513189282482{padding-right: 20px !important;padding-left: 20px !important;background-color: #eb4339 !important;}&#8221;][vc_column][mk_padding_divider size=&#8221;35&#8243; visibility=&#8221;hidden-nb&#8221;][vc_single_image image=&#8221;576&#8243; img_size=&#8221;full&#8221; alignment=&#8221;center&#8221;][mk_padding_divider size=&#8221;0&#8243;][mk_fancy_title font_family=&#8221;none&#8221; el_class=&#8221;h1-white&#8221;] \u00a0ANM\u00c4L DIG TILL UNDERVISNINGEN! [\/mk_fancy_title][vc_column_text el_class=&#8221;info-desc-2&#8243; css=&#8221;.vc_custom_1741603995528{margin-bottom: 0px !important;}&#8221;] Anm\u00e4lan till instrument- och [&hellip;]<\/p>\n","protected":false},"author":1,"featured_media":0,"parent":13,"menu_order":0,"comment_status":"closed","ping_status":"closed","template":"","meta":{"footnotes":""},"class_list":["post-397","page","type-page","status-publish","hentry"],"translation":{"provider":"WPGlobus","version":"3.0.0","language":"sv","enabled_languages":["fi","sv"],"languages":{"fi":{"title":true,"content":true,"excerpt":false},"sv":{"title":false,"content":true,"excerpt":false}}},"_links":{"self":[{"href":"http:\/\/kaumo.fi\/sv\/wp-json\/wp\/v2\/pages\/397","targetHints":{"allow":["GET"]}}],"collection":[{"href":"http:\/\/kaumo.fi\/sv\/wp-json\/wp\/v2\/pages"}],"about":[{"href":"http:\/\/kaumo.fi\/sv\/wp-json\/wp\/v2\/types\/page"}],"author":[{"embeddable":true,"href":"http:\/\/kaumo.fi\/sv\/wp-json\/wp\/v2\/users\/1"}],"replies":[{"embeddable":true,"href":"http:\/\/kaumo.fi\/sv\/wp-json\/wp\/v2\/comments?post=397"}],"version-history":[{"count":103,"href":"http:\/\/kaumo.fi\/sv\/wp-json\/wp\/v2\/pages\/397\/revisions"}],"predecessor-version":[{"id":9096,"href":"http:\/\/kaumo.fi\/sv\/wp-json\/wp\/v2\/pages\/397\/revisions\/9096"}],"up":[{"embeddable":true,"href":"http:\/\/kaumo.fi\/sv\/wp-json\/wp\/v2\/pages\/13"}],"wp:attachment":[{"href":"http:\/\/kaumo.fi\/sv\/wp-json\/wp\/v2\/media?parent=397"}],"curies":[{"name":"wp","href":"https:\/\/api.w.org\/{rel}","templated":true}]}}