{"id":11,"date":"2017-11-22T13:30:30","date_gmt":"2017-11-22T13:30:30","guid":{"rendered":"http:\/\/u44921.shellit.org\/?page_id=11"},"modified":"2023-09-27T07:26:42","modified_gmt":"2023-09-27T07:26:42","slug":"home","status":"publish","type":"page","link":"https:\/\/kaumo.fi\/sv\/","title":{"rendered":"Hemsida"},"content":{"rendered":"[vc_row fullwidth=&#8221;true&#8221; visibility=&#8221;hidden-nb&#8221; css=&#8221;.vc_custom_1542803228510{background: #eb4339 url(http:\/\/kaumo.fi\/wp-content\/uploads\/2017\/12\/kaumo_front13.png?id=672) !important;}&#8221; el_class=&#8221;home-intro-bg&#8221;][vc_column][mk_padding_divider size=&#8221;60&#8243;][mk_fancy_title color=&#8221;#ffffff&#8221; font_family=&#8221;none&#8221; el_class=&#8221;home-intro-heading&#8221;]\n<h1 style=\"text-align: center;\">V\u00c4LKOMMEN TILL GRANKULLA MUSIKINSTITUT<\/h1>\n[\/mk_fancy_title][vc_row_inner][vc_column_inner width=&#8221;1\/3&#8243;][vc_btn title=&#8221;Bekanta dig med musiklek och eftermiddagsverksamhet&#8221; style=&#8221;flat&#8221; color=&#8221;danger&#8221; size=&#8221;lg&#8221; align=&#8221;center&#8221; i_icon_fontawesome=&#8221;fa fa-heart-o&#8221; add_icon=&#8221;true&#8221; el_class=&#8221;intro-button&#8221; link=&#8221;url:http%3A%2F%2Fkaumo.fi%2Fsv%2Finfo%2F|||&#8221;][\/vc_column_inner][vc_column_inner width=&#8221;1\/3&#8243;][vc_btn title=&#8221;Anm\u00e4l dig till instrument- och s\u00e5ngundervisningen&#8221; style=&#8221;flat&#8221; color=&#8221;info&#8221; size=&#8221;lg&#8221; align=&#8221;center&#8221; i_icon_fontawesome=&#8221;fa fa-paper-plane-o&#8221; add_icon=&#8221;true&#8221; el_class=&#8221;intro-button&#8221; link=&#8221;url:http%3A%2F%2Fkaumo.fi%2Fsv%2Finfo%2Filmoittautuminen%2F|||&#8221;][\/vc_column_inner][vc_column_inner width=&#8221;1\/3&#8243;][vc_btn title=&#8221;Musikuppf\u00f6randen&#8221; style=&#8221;flat&#8221; color=&#8221;danger&#8221; size=&#8221;lg&#8221; align=&#8221;center&#8221; i_icon_fontawesome=&#8221;fa fa-music&#8221; add_icon=&#8221;true&#8221; el_class=&#8221;intro-button&#8221; link=&#8221;url:http%3A%2F%2Fkaumo.fi%2F%3Fp%3D4039|title:Musiikkiesityksi%C3%A4%20%2F%20Musikuppf%C3%B6randen||&#8221;][\/vc_column_inner][\/vc_row_inner][mk_padding_divider size=&#8221;60&#8243;][\/vc_column][\/vc_row][vc_row fullwidth=&#8221;true&#8221; fullwidth_content=&#8221;false&#8221; disable_element=&#8221;yes&#8221; css=&#8221;.vc_custom_1695799600622{margin-right: 4% !important;margin-left: 4% !important;padding-top: 3% !important;padding-right: 10% !important;padding-bottom: 3% !important;padding-left: 10% !important;}&#8221;][vc_column css=&#8221;.vc_custom_1617016868433{padding-right: 5% !important;padding-left: 5% !important;}&#8221;][vc_video max_width=&#8221;1380&#8243; link=&#8221;https:\/\/youtu.be\/NM3_eazL5iQ&#8221;][\/vc_column][\/vc_row][vc_row fullwidth=&#8221;true&#8221; fullwidth_content=&#8221;false&#8221; disable_element=&#8221;yes&#8221; css=&#8221;.vc_custom_1695799592871{margin-right: 4% !important;margin-left: 4% !important;padding-top: 3% !important;padding-right: 10% !important;padding-bottom: 3% !important;padding-left: 10% !important;}&#8221;][vc_column css=&#8221;.vc_custom_1617016868433{padding-right: 5% !important;padding-left: 5% !important;}&#8221;][vc_column_text disable_pattern=&#8221;false&#8221; align=&#8221;center&#8221; css=&#8221;.vc_custom_1647256975480{margin-bottom: 0px !important;}&#8221;]\n<h3 style=\"text-align: center;\" align=\"center\"><strong>Kaumos\u00e5ngen \u00e4r Grankulla musikinstituts 50-\u00e5rsjubileumss\u00e5ng, till allas v\u00e5r gl\u00e4dje!<\/strong><\/h3>\n[\/vc_column_text][\/vc_column][\/vc_row][vc_row fullwidth=&#8221;true&#8221; css=&#8221;.vc_custom_1617033129866{margin-right: 4% !important;margin-left: 4% !important;padding-top: 3% !important;padding-right: 10% !important;padding-bottom: 3% !important;padding-left: 10% !important;}&#8221;][vc_column][mk_fullwidth_slideshow images=&#8221;4126,4127&#8243;][\/vc_column][\/vc_row][vc_row fullwidth=&#8221;true&#8221; css=&#8221;.vc_custom_1617019164253{margin-right: 4% !important;margin-left: 4% !important;padding-top: 3% !important;padding-right: 10% !important;padding-bottom: 3% !important;padding-left: 10% !important;}&#8221;][vc_column css=&#8221;.vc_custom_1617016868433{padding-right: 5% !important;padding-left: 5% !important;}&#8221;][vc_separator][\/vc_column][\/vc_row][vc_row fullwidth=&#8221;true&#8221; css=&#8221;.vc_custom_1617019170400{margin-right: 4% !important;margin-left: 4% !important;padding-right: 30px !important;padding-left: 30px !important;}&#8221;][vc_column width=&#8221;1\/3&#8243; css=&#8221;.vc_custom_1617019203396{padding-right: 4% !important;padding-left: 4% !important;}&#8221;][mk_padding_divider size=&#8221;30&#8243;][mk_fancy_title font_family=&#8221;none&#8221;]\n<h2 style=\"text-align: center;\">Om oss<\/h2>\n[\/mk_fancy_title][vc_column_text css=&#8221;.vc_custom_1601294633691{margin-bottom: 0px !important;}&#8221;]\n<p style=\"text-align: center;\">Grankulla musikinstitut \u00e4r en tv\u00e5spr\u00e5kig musikl\u00e4roinr\u00e4ttning som erbjuder grundl\u00e4ggande konstutbildning i enlighet med den omfattande l\u00e4roplanen f\u00f6r musik. Musikinstitutet har cirka 400 elever, varav cirka 230 studerar p\u00e5 grundniv\u00e5n. Cirka 200 elever deltar i musiklekskola eller \u00e4r elev p\u00e5 v\u00e5r allm\u00e4nna avdelning.<\/p>\n[\/vc_column_text][mk_padding_divider size=&#8221;30&#8243; visibility=&#8221;hidden-nb&#8221;][\/vc_column][vc_column offset=&#8221;vc_col-md-4&#8243;][mk_padding_divider size=&#8221;30&#8243;][mk_fancy_title font_family=&#8221;none&#8221;]\n<h2 style=\"text-align: center;\">Kalender<\/h2>\n[\/mk_fancy_title][vc_widget_sidebar sidebar_id=&#8221;sidebar-3&#8243;][vc_btn title=&#8221;Visa alla evenemang&#8221; style=&#8221;flat&#8221; color=&#8221;danger&#8221; size=&#8221;lg&#8221; align=&#8221;center&#8221; i_icon_fontawesome=&#8221;fa fa-calendar-o&#8221; add_icon=&#8221;true&#8221; el_class=&#8221;intro-button&#8221; link=&#8221;url:%2Fevents%2F|||&#8221;][mk_padding_divider size=&#8221;30&#8243; visibility=&#8221;hidden-nb&#8221;][\/vc_column][vc_column offset=&#8221;vc_col-md-4&#8243;][mk_padding_divider size=&#8221;30&#8243;][mk_fancy_title font_family=&#8221;none&#8221;]\n<h2 style=\"text-align: center;\">H\u00c4NDER JUST NU<\/h2>\n[\/mk_fancy_title][vc_widget_sidebar sidebar_id=&#8221;sidebar-4&#8243;][mk_padding_divider size=&#8221;30&#8243; visibility=&#8221;hidden-nb&#8221;][\/vc_column][\/vc_row]\n","protected":false},"excerpt":{"rendered":"<p>[vc_row fullwidth=&#8221;true&#8221; visibility=&#8221;hidden-nb&#8221; css=&#8221;.vc_custom_1542803228510{background: #eb4339 url(http:\/\/kaumo.fi\/wp-content\/uploads\/2017\/12\/kaumo_front13.png?id=672) !important;}&#8221; el_class=&#8221;home-intro-bg&#8221;][vc_column][mk_padding_divider size=&#8221;60&#8243;][mk_fancy_title color=&#8221;#ffffff&#8221; font_family=&#8221;none&#8221; el_class=&#8221;home-intro-heading&#8221;] V\u00c4LKOMMEN TILL GRANKULLA MUSIKINSTITUT [\/mk_fancy_title][vc_row_inner][vc_column_inner width=&#8221;1\/3&#8243;][vc_btn title=&#8221;Bekanta dig med musiklek och eftermiddagsverksamhet&#8221; style=&#8221;flat&#8221; color=&#8221;danger&#8221; size=&#8221;lg&#8221; align=&#8221;center&#8221; i_icon_fontawesome=&#8221;fa fa-heart-o&#8221; [&hellip;]<\/p>\n","protected":false},"author":1,"featured_media":0,"parent":0,"menu_order":1,"comment_status":"closed","ping_status":"closed","template":"","meta":{"footnotes":""},"class_list":["post-11","page","type-page","status-publish","hentry"],"translation":{"provider":"WPGlobus","version":"3.0.0","language":"sv","enabled_languages":["fi","sv"],"languages":{"fi":{"title":true,"content":true,"excerpt":false},"sv":{"title":true,"content":true,"excerpt":false}}},"_links":{"self":[{"href":"https:\/\/kaumo.fi\/sv\/wp-json\/wp\/v2\/pages\/11","targetHints":{"allow":["GET"]}}],"collection":[{"href":"https:\/\/kaumo.fi\/sv\/wp-json\/wp\/v2\/pages"}],"about":[{"href":"https:\/\/kaumo.fi\/sv\/wp-json\/wp\/v2\/types\/page"}],"author":[{"embeddable":true,"href":"https:\/\/kaumo.fi\/sv\/wp-json\/wp\/v2\/users\/1"}],"replies":[{"embeddable":true,"href":"https:\/\/kaumo.fi\/sv\/wp-json\/wp\/v2\/comments?post=11"}],"version-history":[{"count":178,"href":"https:\/\/kaumo.fi\/sv\/wp-json\/wp\/v2\/pages\/11\/revisions"}],"predecessor-version":[{"id":6723,"href":"https:\/\/kaumo.fi\/sv\/wp-json\/wp\/v2\/pages\/11\/revisions\/6723"}],"wp:attachment":[{"href":"https:\/\/kaumo.fi\/sv\/wp-json\/wp\/v2\/media?parent=11"}],"curies":[{"name":"wp","href":"https:\/\/api.w.org\/{rel}","templated":true}]}}