{"id":3272,"date":"2020-11-27T06:43:45","date_gmt":"2020-11-27T06:43:45","guid":{"rendered":"http:\/\/kaumo.fi\/?page_id=3272"},"modified":"2020-11-27T13:22:14","modified_gmt":"2020-11-27T13:22:14","slug":"etusivu-joulukalenteri-edition","status":"publish","type":"page","link":"https:\/\/kaumo.fi\/sv\/etusivu-joulukalenteri-edition\/","title":{"rendered":"Etusivu &#8211; Joulukalenteri edition"},"content":{"rendered":"[vc_row fullwidth=&#8221;true&#8221; visibility=&#8221;hidden-nb&#8221; css=&#8221;.vc_custom_1542803228510{background: #eb4339 url(http:\/\/kaumo.fi\/wp-content\/uploads\/2017\/12\/kaumo_front13.png?id=672) !important;}&#8221; el_class=&#8221;home-intro-bg&#8221;][vc_column][mk_padding_divider size=&#8221;60&#8243;][mk_fancy_title color=&#8221;#ffffff&#8221; font_family=&#8221;none&#8221; el_class=&#8221;home-intro-heading&#8221;]\n<h1 style=\"text-align: center;\">Tervetuloa<br \/>\nKauniaisten musiikkiopistoon!<\/h1>\n[\/mk_fancy_title][vc_row_inner][vc_column_inner width=&#8221;1\/2&#8243;][vc_btn title=&#8221;Tutustu toimintaamme&#8221; style=&#8221;flat&#8221; color=&#8221;danger&#8221; size=&#8221;lg&#8221; align=&#8221;center&#8221; i_icon_fontawesome=&#8221;fa fa-heart-o&#8221; add_icon=&#8221;true&#8221; el_class=&#8221;intro-button&#8221; link=&#8221;url:%2Finfo|||&#8221;][\/vc_column_inner][vc_column_inner width=&#8221;1\/2&#8243;][vc_btn title=&#8221;Ilmoittaudu opetukseen&#8221; style=&#8221;flat&#8221; color=&#8221;info&#8221; size=&#8221;lg&#8221; align=&#8221;center&#8221; i_icon_fontawesome=&#8221;fa fa-paper-plane-o&#8221; add_icon=&#8221;true&#8221; el_class=&#8221;intro-button&#8221; link=&#8221;url:%2Filmoittautuminen|||&#8221;][\/vc_column_inner][\/vc_row_inner][mk_padding_divider size=&#8221;60&#8243;][\/vc_column][\/vc_row][vc_row css=&#8221;.vc_custom_1606483331606{padding-top: 50px !important;padding-bottom: 50px !important;}&#8221;][vc_column][vc_column_text css=&#8221;.vc_custom_1606468603597{margin-bottom: 0px !important;}&#8221;]\n<h2 style=\"text-align: center;\">Kauniaisten musiikkiopiston soiva joulukalenteri<\/h2>\n<h2 style=\"text-align: center;\">Grankulla musikinstituts klingande julkalender<\/h2>\n<p style=\"text-align: center;\">Kurkista joulukalenterimme soiviin luukkuihin joulukuun ensimm\u00e4isest\u00e4 p\u00e4iv\u00e4st\u00e4 alkaen!<\/p>\n<p style=\"text-align: center;\">Kika i v\u00e5r julkalenders klingande luckor fr\u00e5n och med f\u00f6rsta december!<\/p>\n[\/vc_column_text][vc_btn title=&#8221;Avaa joulukalenteri &#8211; \u00d6ppna julkalendern&#8221; style=&#8221;flat&#8221; color=&#8221;danger&#8221; size=&#8221;lg&#8221; align=&#8221;center&#8221; i_icon_fontawesome=&#8221;fa fa-calendar-o&#8221; add_icon=&#8221;true&#8221; el_class=&#8221;intro-button&#8221; link=&#8221;url:http%3A%2F%2Fkaumo.fi%2Fjoulukalenteri-2020%2F|title:Joulukalenteri%202020||&#8221;][\/vc_column][\/vc_row][vc_row fullwidth=&#8221;true&#8221; css=&#8221;.vc_custom_1511432099637{padding-right: 30px !important;padding-left: 30px !important;}&#8221;][vc_column offset=&#8221;vc_col-md-4&#8243;][mk_padding_divider size=&#8221;30&#8243;][mk_fancy_title font_family=&#8221;none&#8221;]\n<h2 style=\"text-align: center;\">Tietoa meist\u00e4<\/h2>\n[\/mk_fancy_title][vc_column_text css=&#8221;.vc_custom_1601296174708{margin-bottom: 0px !important;}&#8221;]\n<p style=\"text-align: center;\">Kauniaisten musiikkiopisto on kaksikielinen musiikkioppilaitos, jossa annetaan musiikin laajan oppim\u00e4\u00e4r\u00e4n mukaista taiteen perusopetusta. Musiikkiopistossa on noin 400 oppilasta, joista varsinaisia oppilaita noin 230. Musiikkileikkikoululaisia ja yleisell\u00e4 osastolla opiskelevia oppilaita on noin 200.<\/p>\n[\/vc_column_text][mk_padding_divider size=&#8221;30&#8243; visibility=&#8221;hidden-nb&#8221;][\/vc_column][vc_column offset=&#8221;vc_col-md-4&#8243;][mk_padding_divider size=&#8221;30&#8243;][mk_fancy_title font_family=&#8221;none&#8221;]\n<h2 style=\"text-align: center;\">Tapahtumat<\/h2>\n[\/mk_fancy_title][vc_widget_sidebar sidebar_id=&#8221;sidebar-3&#8243;][vc_btn title=&#8221;Kaikki tapahtumat&#8221; style=&#8221;flat&#8221; color=&#8221;danger&#8221; size=&#8221;lg&#8221; align=&#8221;center&#8221; i_icon_fontawesome=&#8221;fa fa-calendar-o&#8221; add_icon=&#8221;true&#8221; el_class=&#8221;intro-button&#8221; link=&#8221;url:%2Fevents%2F|||&#8221;][mk_padding_divider size=&#8221;30&#8243; visibility=&#8221;hidden-nb&#8221;][\/vc_column][vc_column offset=&#8221;vc_col-md-4&#8243;][mk_padding_divider size=&#8221;30&#8243;][mk_fancy_title font_family=&#8221;none&#8221;]\n<h2 style=\"text-align: center;\">Ajankohtaista<\/h2>\n[\/mk_fancy_title][vc_widget_sidebar sidebar_id=&#8221;sidebar-4&#8243;][mk_padding_divider size=&#8221;30&#8243; visibility=&#8221;hidden-nb&#8221;][\/vc_column][\/vc_row][vc_row fullwidth=&#8221;true&#8221; disable_element=&#8221;yes&#8221; css=&#8221;.vc_custom_1513162054676{padding-right: 30px !important;padding-left: 30px !important;background-color: #f97352 !important;background-position: center !important;background-repeat: no-repeat !important;background-size: cover !important;}&#8221;][vc_column offset=&#8221;vc_col-md-4 vc_col-xs-12&#8243;][mk_padding_divider size=&#8221;50&#8243;][mk_fancy_title font_family=&#8221;none&#8221;]\n<h2 style=\"text-align: center; color: #fff;\">VARHAISI\u00c4N<br \/>\nMUSIIKKIKASVATUS<\/h2>\n[\/mk_fancy_title][vc_column_text align=&#8221;center&#8221; el_class=&#8221;home-study-desc&#8221; css=&#8221;.vc_custom_1511533364805{margin-bottom: 0px !important;padding-right: 15px !important;padding-left: 15px !important;}&#8221;]Varhaisi\u00e4n musiikkikasvatus on p\u00e4\u00e4asiallisesti alle kouluik\u00e4isille lapsille tarkoitettua\u00a0ryhm\u00e4opetusta jossa tutustutaan musiikin alkeisiin laulun ja leikin kautta.<\/p>\n<p><strong>Opetusta j\u00e4rjestet\u00e4\u00e4n seuraaville ik\u00e4luokille:<\/strong><br \/>\nVauva- ja muksumuskari (0-1-vuotiaat)<br \/>\nMusiikkileikki (1-5-vuotiaat)<br \/>\nKantelemuskari\u00a0(5-7-vuotiaat)[\/vc_column_text][vc_btn title=&#8221;Lue lis\u00e4\u00e4&#8221; style=&#8221;flat&#8221; color=&#8221;white&#8221; align=&#8221;center&#8221; i_icon_fontawesome=&#8221;fa fa-search-plus&#8221; add_icon=&#8221;true&#8221; css=&#8221;.vc_custom_1511434413431{padding-top: 20px !important;}&#8221;][mk_padding_divider size=&#8221;50&#8243;][\/vc_column][vc_column offset=&#8221;vc_col-md-4&#8243;][mk_padding_divider size=&#8221;50&#8243;][mk_fancy_title font_family=&#8221;none&#8221;]\n<h2 style=\"text-align: center; color: #fff;\">Musiikin<br \/>\nperusopinnot<\/h2>\n[\/mk_fancy_title][vc_column_text align=&#8221;center&#8221; el_class=&#8221;home-study-desc&#8221; css=&#8221;.vc_custom_1511533370053{margin-bottom: 0px !important;padding-right: 15px !important;padding-left: 15px !important;}&#8221;]Varhaisi\u00e4n musiikkikasvatus on p\u00e4\u00e4asiallisesti alle kouluik\u00e4isille lapsille tarkoitettua\u00a0ryhm\u00e4opetusta jossa tutustutaan musiikin alkeisiin laulun ja leikin kautta.<\/p>\n<p><strong>Opetusta j\u00e4rjestet\u00e4\u00e4n seuraaville ik\u00e4luokille:<\/strong><br \/>\nVauva- ja muksumuskari (0-1-vuotiaat)<br \/>\nMusiikkileikki (1-5-vuotiaat)<br \/>\nKantelemuskari\u00a0(5-7-vuotiaat)[\/vc_column_text][vc_btn title=&#8221;Lue lis\u00e4\u00e4&#8221; style=&#8221;flat&#8221; color=&#8221;white&#8221; align=&#8221;center&#8221; i_icon_fontawesome=&#8221;fa fa-search-plus&#8221; add_icon=&#8221;true&#8221; css=&#8221;.vc_custom_1511434413431{padding-top: 20px !important;}&#8221;][mk_padding_divider size=&#8221;50&#8243;][\/vc_column][vc_column offset=&#8221;vc_col-md-4&#8243;][mk_padding_divider size=&#8221;50&#8243;][mk_fancy_title font_family=&#8221;none&#8221;]\n<h2 style=\"text-align: center; color: #fff;\">Musiikin<br \/>\nyleiset opinnot<\/h2>\n[\/mk_fancy_title][vc_column_text align=&#8221;center&#8221; el_class=&#8221;home-study-desc&#8221; css=&#8221;.vc_custom_1511533374558{margin-bottom: 0px !important;padding-right: 15px !important;padding-left: 15px !important;}&#8221;]Varhaisi\u00e4n musiikkikasvatus on p\u00e4\u00e4asiallisesti alle kouluik\u00e4isille lapsille tarkoitettua\u00a0ryhm\u00e4opetusta jossa tutustutaan musiikin alkeisiin laulun ja leikin kautta.<\/p>\n<p><strong>Opetusta j\u00e4rjestet\u00e4\u00e4n seuraaville ik\u00e4luokille:<\/strong><br \/>\nVauva- ja muksumuskari (0-1-vuotiaat)<br \/>\nMusiikkileikki (1-5-vuotiaat)<br \/>\nKantelemuskari\u00a0(5-7-vuotiaat)[\/vc_column_text][vc_btn title=&#8221;Lue lis\u00e4\u00e4&#8221; style=&#8221;flat&#8221; color=&#8221;white&#8221; align=&#8221;center&#8221; i_icon_fontawesome=&#8221;fa fa-search-plus&#8221; add_icon=&#8221;true&#8221; css=&#8221;.vc_custom_1511434413431{padding-top: 20px !important;}&#8221;][mk_padding_divider size=&#8221;50&#8243;][\/vc_column][\/vc_row]\n","protected":false},"excerpt":{"rendered":"<p>[vc_row fullwidth=&#8221;true&#8221; visibility=&#8221;hidden-nb&#8221; css=&#8221;.vc_custom_1542803228510{background: #eb4339 url(http:\/\/kaumo.fi\/wp-content\/uploads\/2017\/12\/kaumo_front13.png?id=672) !important;}&#8221; el_class=&#8221;home-intro-bg&#8221;][vc_column][mk_padding_divider size=&#8221;60&#8243;][mk_fancy_title color=&#8221;#ffffff&#8221; font_family=&#8221;none&#8221; el_class=&#8221;home-intro-heading&#8221;] Tervetuloa Kauniaisten musiikkiopistoon! [\/mk_fancy_title][vc_row_inner][vc_column_inner width=&#8221;1\/2&#8243;][vc_btn title=&#8221;Tutustu toimintaamme&#8221; style=&#8221;flat&#8221; color=&#8221;danger&#8221; size=&#8221;lg&#8221; align=&#8221;center&#8221; i_icon_fontawesome=&#8221;fa fa-heart-o&#8221; add_icon=&#8221;true&#8221; el_class=&#8221;intro-button&#8221; link=&#8221;url:%2Finfo|||&#8221;][\/vc_column_inner][vc_column_inner width=&#8221;1\/2&#8243;][vc_btn title=&#8221;Ilmoittaudu [&hellip;]<\/p>\n","protected":false},"author":1,"featured_media":0,"parent":0,"menu_order":0,"comment_status":"closed","ping_status":"closed","template":"","meta":{"footnotes":""},"class_list":["post-3272","page","type-page","status-publish","hentry"],"translation":{"provider":"WPGlobus","version":"3.0.0","language":"sv","enabled_languages":["fi","sv"],"languages":{"fi":{"title":true,"content":true,"excerpt":false},"sv":{"title":false,"content":false,"excerpt":false}}},"_links":{"self":[{"href":"https:\/\/kaumo.fi\/sv\/wp-json\/wp\/v2\/pages\/3272","targetHints":{"allow":["GET"]}}],"collection":[{"href":"https:\/\/kaumo.fi\/sv\/wp-json\/wp\/v2\/pages"}],"about":[{"href":"https:\/\/kaumo.fi\/sv\/wp-json\/wp\/v2\/types\/page"}],"author":[{"embeddable":true,"href":"https:\/\/kaumo.fi\/sv\/wp-json\/wp\/v2\/users\/1"}],"replies":[{"embeddable":true,"href":"https:\/\/kaumo.fi\/sv\/wp-json\/wp\/v2\/comments?post=3272"}],"version-history":[{"count":12,"href":"https:\/\/kaumo.fi\/sv\/wp-json\/wp\/v2\/pages\/3272\/revisions"}],"predecessor-version":[{"id":3680,"href":"https:\/\/kaumo.fi\/sv\/wp-json\/wp\/v2\/pages\/3272\/revisions\/3680"}],"wp:attachment":[{"href":"https:\/\/kaumo.fi\/sv\/wp-json\/wp\/v2\/media?parent=3272"}],"curies":[{"name":"wp","href":"https:\/\/api.w.org\/{rel}","templated":true}]}}