{"id":3280,"date":"2020-11-10T07:01:06","date_gmt":"2020-11-10T07:01:06","guid":{"rendered":"http:\/\/kaumo.fi\/?page_id=3280"},"modified":"2020-11-30T11:12:59","modified_gmt":"2020-11-30T11:12:59","slug":"joulukalenteri-2020","status":"publish","type":"page","link":"https:\/\/kaumo.fi\/sv\/joulukalenteri-2020\/","title":{"rendered":"Julkalendern 2020"},"content":{"rendered":"[vc_row][vc_column][vc_column_text css=&#8221;.vc_custom_1606734775628{margin-bottom: 0px !important;}&#8221;]\n<h2 style=\"text-align: center;\">Joulukalenteri &#8211; Julkalender 2020<\/h2>\n<p style=\"text-align: center;\">Joka p\u00e4iv\u00e4 avautuu uusi luukku, josta l\u00f6ytyy soiva yll\u00e4tys. Kalenterin ovat tehneet opettajat ja oppilaat yhdess\u00e4.<\/p>\n<p style=\"text-align: center;\">Varje dag kommer en ny lucka med en klingande \u00f6verraskning. Kalendern \u00e4r gjord av v\u00e5ra l\u00e4rare och elever tillsammans.<\/p>\n[\/vc_column_text][vc_raw_html]JTVCcHRfdmlldyUyMGlkJTNEJTIyZmU4MzU3YmFuaiUyMiU1RA==[\/vc_raw_html][\/vc_column][\/vc_row]\n","protected":false},"excerpt":{"rendered":"<p>[vc_row][vc_column][vc_column_text css=&#8221;.vc_custom_1606734775628{margin-bottom: 0px !important;}&#8221;] Joulukalenteri &#8211; Julkalender 2020 Joka p\u00e4iv\u00e4 avautuu uusi luukku, josta l\u00f6ytyy soiva yll\u00e4tys. Kalenterin ovat tehneet opettajat ja oppilaat yhdess\u00e4. Varje dag kommer en ny lucka [&hellip;]<\/p>\n","protected":false},"author":1,"featured_media":0,"parent":0,"menu_order":0,"comment_status":"closed","ping_status":"closed","template":"","meta":{"footnotes":""},"class_list":["post-3280","page","type-page","status-publish","hentry"],"translation":{"provider":"WPGlobus","version":"3.0.0","language":"sv","enabled_languages":["fi","sv"],"languages":{"fi":{"title":true,"content":true,"excerpt":false},"sv":{"title":true,"content":false,"excerpt":false}}},"_links":{"self":[{"href":"https:\/\/kaumo.fi\/sv\/wp-json\/wp\/v2\/pages\/3280","targetHints":{"allow":["GET"]}}],"collection":[{"href":"https:\/\/kaumo.fi\/sv\/wp-json\/wp\/v2\/pages"}],"about":[{"href":"https:\/\/kaumo.fi\/sv\/wp-json\/wp\/v2\/types\/page"}],"author":[{"embeddable":true,"href":"https:\/\/kaumo.fi\/sv\/wp-json\/wp\/v2\/users\/1"}],"replies":[{"embeddable":true,"href":"https:\/\/kaumo.fi\/sv\/wp-json\/wp\/v2\/comments?post=3280"}],"version-history":[{"count":10,"href":"https:\/\/kaumo.fi\/sv\/wp-json\/wp\/v2\/pages\/3280\/revisions"}],"predecessor-version":[{"id":4038,"href":"https:\/\/kaumo.fi\/sv\/wp-json\/wp\/v2\/pages\/3280\/revisions\/4038"}],"wp:attachment":[{"href":"https:\/\/kaumo.fi\/sv\/wp-json\/wp\/v2\/media?parent=3280"}],"curies":[{"name":"wp","href":"https:\/\/api.w.org\/{rel}","templated":true}]}}