{"id":558,"date":"2017-12-13T12:20:47","date_gmt":"2017-12-13T12:20:47","guid":{"rendered":"http:\/\/u44921.shellit.org\/?page_id=558"},"modified":"2025-01-29T09:09:34","modified_gmt":"2025-01-29T09:09:34","slug":"hyva-tietaa","status":"publish","type":"page","link":"https:\/\/kaumo.fi\/sv\/info\/hyva-tietaa\/","title":{"rendered":"Bra att veta"},"content":{"rendered":"[vc_row][vc_column][mk_padding_divider size=&#8221;45&#8243;][mk_fancy_title font_family=&#8221;none&#8221;]\n<h1 style=\"text-align: center;\">Bra att veta &#8211;<br \/>\ninfopaket f\u00f6r elever och f\u00f6r\u00e4ldrar<\/h1>\n[\/mk_fancy_title][vc_row_inner][vc_column_inner width=&#8221;1\/2&#8243;][mk_fancy_title tag_name=&#8221;h3&#8243; font_family=&#8221;none&#8221;]\n<h2 style=\"text-align: center;\">M\u00e4ngden av undervisning<\/h2>\n[\/mk_fancy_title][vc_column_text css=&#8221;.vc_custom_1622456862367{margin-bottom: 0px !important;}&#8221;]I huvud\u00e4mnets <strong>grundstudier och f\u00f6rdjupade studier<\/strong> ges undervisning 17 g\u00e5nger under h\u00f6stterminen och 18 g\u00e5nger under v\u00e5rterminen. Lektionens l\u00e4ngd \u00e4r 30, 45 eller 60 min beroende p\u00e5 den f\u00e4rdighetsniv\u00e5 som eleven studerar p\u00e5. I huvudsak sker undervisningen individuellt, men en del undervisningen best\u00e5r av grupplektioner, konserter och ackompanjemangslektioner.<\/p>\n<p>Undervisning i gestaltning av musik, det vill s\u00e4ga teori, ges 16 g\u00e5nger under h\u00f6stterminen och 16 g\u00e5nger under v\u00e5rterminen.<\/p>\n<p>VId den <strong>allm\u00e4nna avdelningen<\/strong> ges undervisning 15 g\u00e5nger under h\u00f6stterminen och 15 g\u00e5nger under v\u00e5rterminen. Lektionens l\u00e4ngd \u00e4r 30 min.[\/vc_column_text][mk_padding_divider size=&#8221;20&#8243;][mk_fancy_title tag_name=&#8221;h3&#8243; font_family=&#8221;none&#8221;]\n<h2 style=\"text-align: center;\">Ers\u00e4ttande av lektioner<\/h2>\n[\/mk_fancy_title][vc_column_text css=&#8221;.vc_custom_1635942584891{margin-bottom: 0px !important;}&#8221;]Om lektionen infaller p\u00e5 sj\u00e4lvst\u00e4ndighetsdagen, l\u00e5ngfredagen, annandag p\u00e5sk, trettondagen, f\u00f6rsta maj eller Kristi himmelsf\u00e4rdsdag, har b\u00e5de och du din l\u00e4rare sj\u00e4lvfallet ledigt, och lektionen ers\u00e4tts inte.<\/p>\n<p>Deltagande i elevafton, lektioner i ackompanjemang, examen eller andra gemensamma grupplektioner kan ers\u00e4tta en musiklektion tv\u00e5 g\u00e5nger per termin. Om l\u00e4raren insjuknar str\u00e4var man efter att skaffa vikarie, men det \u00e4r inte alltid m\u00f6jligt p\u00e5 kort varsel. I s\u00e5dana fall ers\u00e4tts lektionen i huvudsak inte. Om lektionen blir inhiberad p\u00e5 grund av l\u00e4rarens sjukfr\u00e5nvaro mer \u00e4n tre g\u00e5nger per termin, tillgodog\u00f6rs lektionerna i terminsavgiften. Om eleven inte kommer p\u00e5 lektionen enligt schemat, till exempel pga resa, har l\u00e4raren inte skyldighet att erbjuda en ers\u00e4ttande lektion.[\/vc_column_text][mk_padding_divider size=&#8221;20&#8243;][mk_fancy_title tag_name=&#8221;h3&#8243; font_family=&#8221;none&#8221;]\n<h2 style=\"text-align: center;\">Avbrytande av studier<\/h2>\n[\/mk_fancy_title][vc_column_text css=&#8221;.vc_custom_1712144565863{margin-bottom: 0px !important;}&#8221;]<strong>Nya elever: <\/strong>Ifall eleven inte efter h\u00f6stterminens andra lektion har meddelat att hen avslutar sina studier, debiteras hela h\u00f6stterminen.<\/p>\n<p><strong>Elever som forts\u00e4tter: <\/strong>Ifall eleven som gjort forts\u00e4ttningsanm\u00e4lan \u00e4nd\u00e5 avslutar sina studier, debiteras hela h\u00f6stterminen.<\/p>\n<p><strong>Avbrytande av v\u00e5rterminen meddelas senast 1.12 f\u00f6reg\u00e5ende termin. Efter detta debiteras hela v\u00e5rterminen. Alla meddelanden om avbrytande eller avslutande av studier g\u00f6rs till kansliet, kanslia(at)kaumo.fi. Det r\u00e4cker inte att meddela l\u00e4raren.<\/strong><\/p>\n<p>Inskrivningsavgift eller materialavgift \u00e5terbetalas inte. L\u00e4karintyg \u00f6ver sjukdom (sj\u00e4lvrisk tre g\u00e5nger) eller flytt till annan ort under terminen ger eleven r\u00e4tt att f\u00e5 rabatt p\u00e5 terminsavgiften. Anm\u00e4lan g\u00f6rs skriftligt till kanslia(at)kaumo.fi.[\/vc_column_text][\/vc_column_inner][vc_column_inner width=&#8221;1\/2&#8243;][mk_fancy_title tag_name=&#8221;h3&#8243; font_family=&#8221;none&#8221;]\n<h2 style=\"text-align: center;\">Bi\u00e4mne<\/h2>\n[\/mk_fancy_title][vc_column_text css=&#8221;.vc_custom_1622456948222{margin-bottom: 0px !important;}&#8221;]Ans\u00f6kan om bi\u00e4mne kan g\u00f6ras till rektorn n\u00e4r eleven har avlagt grundniv\u00e5 2 b\u00e5de i huvud\u00e4mnet och i gestaltning av musik. Undervisning i\u00a0 bi\u00e4mnet ges 17 g\u00e5nger under h\u00f6stterminen och 18 g\u00e5nger under v\u00e5rterminen.[\/vc_column_text][mk_padding_divider size=&#8221;20&#8243;][mk_fancy_title tag_name=&#8221;h3&#8243; font_family=&#8221;none&#8221;]\n<h2 style=\"text-align: center;\">Sjukfr\u00e5nvaro<\/h2>\n[\/mk_fancy_title][vc_column_text css=&#8221;.vc_custom_1738141769649{margin-bottom: 0px !important;}&#8221;]Om eleven insjuknar har l\u00e4raren inte skyldighet att ers\u00e4tta lektionen.\u00a0 Om l\u00e4raren insjuknar str\u00e4var man efter att skaffa vikarie, men det \u00e4r inte alltid m\u00f6jligt. I s\u00e5dana fall ers\u00e4tts lektionen i huvudsak inte. Om lektionen blir inhiberad p\u00e5 grund av l\u00e4rarens sjukfr\u00e5nvaro mer \u00e4n tre g\u00e5nger per termin, tillgodog\u00f6rs lektionerna i terminsavgiften. Om eleven inte kommer p\u00e5 lektionen enligt schemat, har l\u00e4raren inte skyldighet att erbjuda en ers\u00e4ttande lektion.[\/vc_column_text][mk_padding_divider size=&#8221;20&#8243;][mk_fancy_title tag_name=&#8221;h3&#8243; font_family=&#8221;none&#8221;]\n<h2 style=\"text-align: center;\">RESERVATIONSAVGIFT<\/h2>\n[\/mk_fancy_title][vc_column_text css=&#8221;.vc_custom_1622457240893{margin-bottom: 0px !important;}&#8221;]Genom att betala reservationsavgiften 50 \u20ac i samband med att ni anm\u00e4ler er till n\u00e4sta l\u00e4s\u00e5r f\u00f6rs\u00e4krar ni er om en plats f\u00f6ljande l\u00e4s\u00e5r. Reservationsavgiften avdras i f\u00f6ljande h\u00f6sts terminsavgift. Reservationsavgiften g\u00e4ller inte musiklek.[\/vc_column_text][mk_padding_divider size=&#8221;20&#8243;][mk_fancy_title tag_name=&#8221;h3&#8243; font_family=&#8221;none&#8221;]\n<h2 style=\"text-align: center;\">Terminsavgifter<\/h2>\n[\/mk_fancy_title][vc_column_text css=&#8221;.vc_custom_1622456993685{margin-bottom: 0px !important;}&#8221;]Terminsavgiften faktureras p\u00e5 h\u00f6sten i september-oktober samt p\u00e5 v\u00e5ren i januari &#8211; februari. F\u00f6r betalningsp\u00e5minnelser uppb\u00e4rs en skild avgift. Eventuella extra betalningsp\u00e5minnelser och obetalda r\u00e4kningar skickas till indrivningsbyr\u00e5.[\/vc_column_text][mk_padding_divider size=&#8221;20&#8243;][mk_fancy_title tag_name=&#8221;h3&#8243; font_family=&#8221;none&#8221;]\n<h2 style=\"text-align: center;\">Frielevsplats<\/h2>\n[\/mk_fancy_title][vc_column_text css=&#8221;.vc_custom_1622453695563{margin-bottom: 0px !important;}&#8221;]En elev med ett huvud\u00e4mne (inte Allm\u00e4nna avdelningen) kan efter minst ett \u00e5rs studier ans\u00f6ka om frielevsplats. En skriflig ans\u00f6kan med bilagor ska skickas till kansliet t.om. 15.9. Till\u00e4ggsinformation f\u00e5s fr\u00e5n kansliet.<\/p>\n<p><strong>Vi bibeh\u00e5ller oss r\u00e4tten till \u00e4ndringar.<\/strong>[\/vc_column_text][\/vc_column_inner][\/vc_row_inner][\/vc_column][\/vc_row][vc_row][vc_column][mk_padding_divider][\/vc_column][\/vc_row]\n","protected":false},"excerpt":{"rendered":"<p>[vc_row][vc_column][mk_padding_divider size=&#8221;45&#8243;][mk_fancy_title font_family=&#8221;none&#8221;] Bra att veta &#8211; infopaket f\u00f6r elever och f\u00f6r\u00e4ldrar [\/mk_fancy_title][vc_row_inner][vc_column_inner width=&#8221;1\/2&#8243;][mk_fancy_title tag_name=&#8221;h3&#8243; font_family=&#8221;none&#8221;] M\u00e4ngden av undervisning [\/mk_fancy_title][vc_column_text css=&#8221;.vc_custom_1622456862367{margin-bottom: 0px !important;}&#8221;]I huvud\u00e4mnets grundstudier och f\u00f6rdjupade studier ges undervisning [&hellip;]<\/p>\n","protected":false},"author":1,"featured_media":0,"parent":13,"menu_order":0,"comment_status":"closed","ping_status":"closed","template":"","meta":{"footnotes":""},"class_list":["post-558","page","type-page","status-publish","hentry"],"translation":{"provider":"WPGlobus","version":"3.0.0","language":"sv","enabled_languages":["fi","sv"],"languages":{"fi":{"title":true,"content":true,"excerpt":false},"sv":{"title":true,"content":true,"excerpt":false}}},"_links":{"self":[{"href":"https:\/\/kaumo.fi\/sv\/wp-json\/wp\/v2\/pages\/558","targetHints":{"allow":["GET"]}}],"collection":[{"href":"https:\/\/kaumo.fi\/sv\/wp-json\/wp\/v2\/pages"}],"about":[{"href":"https:\/\/kaumo.fi\/sv\/wp-json\/wp\/v2\/types\/page"}],"author":[{"embeddable":true,"href":"https:\/\/kaumo.fi\/sv\/wp-json\/wp\/v2\/users\/1"}],"replies":[{"embeddable":true,"href":"https:\/\/kaumo.fi\/sv\/wp-json\/wp\/v2\/comments?post=558"}],"version-history":[{"count":63,"href":"https:\/\/kaumo.fi\/sv\/wp-json\/wp\/v2\/pages\/558\/revisions"}],"predecessor-version":[{"id":8380,"href":"https:\/\/kaumo.fi\/sv\/wp-json\/wp\/v2\/pages\/558\/revisions\/8380"}],"up":[{"embeddable":true,"href":"https:\/\/kaumo.fi\/sv\/wp-json\/wp\/v2\/pages\/13"}],"wp:attachment":[{"href":"https:\/\/kaumo.fi\/sv\/wp-json\/wp\/v2\/media?parent=558"}],"curies":[{"name":"wp","href":"https:\/\/api.w.org\/{rel}","templated":true}]}}